{"id":1658,"date":"2020-10-23T18:41:34","date_gmt":"2020-10-23T16:41:34","guid":{"rendered":"http:\/\/www.brusicatering.com\/?page_id=1658"},"modified":"2020-10-30T19:05:34","modified_gmt":"2020-10-30T17:05:34","slug":"cookie-policy","status":"publish","type":"page","link":"https:\/\/www.brusicatering.com\/en\/cookie-policy\/","title":{"rendered":"Cookie policy"},"content":{"rendered":"\n<h4 class=\"wp-block-heading\">About the use of cookies on this website<\/h4>\n\n\n\n<p><br>Cookies are pieces of code sent by the websites you visit. These cookies are stored on your device in small files that websites can consult later. Depending on their functionality, cookies can be classified as follows:<\/p>\n\n\n\n<ul><li>Preference Cookies. They are used, for example, to remember the language you have chosen to browse.<\/li><li>Process Cookies. When you access a private area, these cookies stores useful data to be consulted the day you return. In online shops, for example, they allow you to save your shopping cart for a specific time.<\/li><li>Security Cookies. They are used to prevent fraudulent handling of your access credentials, for example.<\/li><\/ul>\n\n\n\n<p>We use Analysis Cookies on this website to allow <a rel=\"noreferrer noopener\" href=\"http:\/\/en.wikipedia.org\/wiki\/Google_Analytics\" target=\"_blank\">Google Analytics<\/a> to provide us with some anonymous data about your visit, allowing us to improve the content we offer.<br>&nbsp;<\/p>\n\n\n\n<h4 class=\"wp-block-heading\"><em>Cookies used on this website<\/em><\/h4>\n\n\n\n<figure class=\"wp-block-table\"><table><tbody><tr><td><strong><strong>Cookie<\/strong><\/strong><\/td><td><strong><strong>Purpose<\/strong><\/strong><\/td><\/tr><tr><td>wordpress_logged_in_ [hash] \/ wordpress_ [hash]<\/td><td>Identificaci\u00f3 de l&#8217;usuari<\/td><\/tr><tr><td>wordpress_test_cookie<\/td><td>Verifica el funcionament de les&nbsp;<em>cookies<\/em><\/td><\/tr><tr><td>tk_ni \/ tk_ai \/ tk_qs \/ tk_rl \/ tk_ro \/ tk_tc<\/td><td>M\u00e8triques internes de l&#8217;usuari identificat<\/td><\/tr><tr><td>g_enabled_ipds, _qca, _ga, _wpndash, _ym_uid, cto_lwid, wordpress, wordpress_logged_in, wordpress_sec, wpc_wpc, wp_api, wp_api_se<\/td><td>Utilitzades per executar i administrar el bloc de wordpress incloent sessi\u00f3 i hora<\/td><\/tr><tr><td>wordpress-setting-xxxx \/ wordpress-setting-time-xxxx<\/td><td>Personalitzaci\u00f3 de la interf\u00edcie d&#8217;administraci\u00f3 de el lloc<\/td><\/tr><tr><td>wordpress_sec_ [hash]<\/td><td>Connexi\u00f3 de l&#8217;\u00e0rea administrativa amb el servei de WordPress<\/td><\/tr><tr><td>viewed_cookie_policy<\/td><td>Indica si s&#8217;ha mostrat l&#8217;av\u00eds de&nbsp;<em>cookies<\/em><\/td><\/tr><tr><td>moove_gdpr_popup<\/td><td>Indica les prefer\u00e8ncies de&nbsp;<em>cookies<\/em>&nbsp;de l&#8217;usuari actual<\/td><\/tr><tr><td>gsScrollPos- [num]<\/td><td>Mem\u00f2ria cau d&#8217;optimitzaci\u00f3 de la visualitzaci\u00f3 dels mapes interactius<\/td><\/tr><tr><td>UTMA \/ UTMB \/ utmc \/ utmt \/ utmz \/ _ga \/ _gat \/ _gac \/ _gid<\/td><td>Usades per Google Analytics per diferenciar usuaris.&nbsp;Recopilen dades sobre interacci\u00f3 amb el lloc web<\/td><\/tr><tr><td>SID, HSID, APISID, SAPISID, SSID, NID AID, CONSENTIMENT, OTZ, GAPS<\/td><td>Implanten determinades utilitats de Google i poden emmagatzemar certes prefer\u00e8ncies<\/td><\/tr><tr><td>AMP_TOKEN<\/td><td>Identificaci\u00f3 de Google Analytics AMP Client ID<\/td><\/tr><\/tbody><\/table><\/figure>\n\n\n\n<div style=\"height:50px\" aria-hidden=\"true\" class=\"wp-block-spacer\"><\/div>\n\n\n\n<h4 class=\"wp-block-heading\">You can delete the cookies whenever you want<\/h4>\n\n\n\n<p>Press this button to delete all cookies from this website and reset your preferences:<\/p>\n\n\n\n<div class=\"wp-block-buttons aligncenter is-layout-flex wp-block-buttons-is-layout-flex\">\n<div class=\"wp-block-button\"><a class=\"wp-block-button__link\" href=\"#moove_gdpr_cookie_modal\">Configure your preferences<\/a><\/div>\n<\/div>\n\n\n\n<div style=\"height:50px\" aria-hidden=\"true\" class=\"wp-block-spacer\"><\/div>\n\n\n\n<p>You can check and control other cookies installed on your device by accessing your browser settings. You can find specific information in the following links:<\/p>\n\n\n\n<ul><li><a href=\"http:\/\/support.mozilla.org\/en-US\/kb\/clear-cookies-and-site-data-firefox\" target=\"_blank\" rel=\"noreferrer noopener\">Firefox<\/a><\/li><li><a href=\"http:\/\/support.google.com\/chrome\/answer\/95647?hl=en\" target=\"_blank\" rel=\"noreferrer noopener\">Google Chrome<\/a><\/li><li><a href=\"http:\/\/support.microsoft.com\/en-us\/help\/17442\/windows-internet-explorer-delete-manage-cookies\" target=\"_blank\" rel=\"noreferrer noopener\">Internet Explorer<\/a><\/li><li><a href=\"http:\/\/support.microsoft.com\/en-us\/help\/4468242\/microsoft-edge-browsing-data-and-privacy\" target=\"_blank\" rel=\"noreferrer noopener\">Microsoft Edge<\/a><\/li><li><a href=\"http:\/\/support.apple.com\/en-us\/guide\/safari\/sfri11471\/mac\" target=\"_blank\" rel=\"noreferrer noopener\">Safari macOS<\/a><\/li><li><a href=\"http:\/\/support.apple.com\/en-us\/HT201265\" target=\"_blank\" rel=\"noreferrer noopener\">Safari iOS<\/a><\/li><li><a href=\"http:\/\/help.opera.com\/en\/latest\/web-preferences\/#cookies\" target=\"_blank\" rel=\"noreferrer noopener\">Opera<\/a><\/li><\/ul>\n","protected":false},"excerpt":{"rendered":"<p>About the use of cookies on this website Cookies are pieces of code sent by the websites you visit. These cookies are stored on your device in small files that websites can consult later. Depending on their functionality, cookies can be classified as follows: Preference Cookies. They are used, for example, to remember the language &hellip;<\/p>\n<p class=\"read-more\"> <a class=\"\" href=\"https:\/\/www.brusicatering.com\/en\/cookie-policy\/\"> <span class=\"screen-reader-text\">Cookie policy<\/span> Read More \u00bb<\/a><\/p>\n","protected":false},"author":1,"featured_media":0,"parent":0,"menu_order":0,"comment_status":"closed","ping_status":"closed","template":"","meta":{"_uag_custom_page_level_css":"","site-sidebar-layout":"default","site-content-layout":"boxed-container","ast-site-content-layout":"","site-content-style":"default","site-sidebar-style":"default","ast-global-header-display":"","ast-banner-title-visibility":"","ast-main-header-display":"","ast-hfb-above-header-display":"","ast-hfb-below-header-display":"","ast-hfb-mobile-header-display":"","site-post-title":"","ast-breadcrumbs-content":"","ast-featured-img":"","footer-sml-layout":"","theme-transparent-header-meta":"disabled","adv-header-id-meta":"304","stick-header-meta":"default","header-above-stick-meta":"","header-main-stick-meta":"","header-below-stick-meta":"","astra-migrate-meta-layouts":"","ast-page-background-enabled":"default","ast-page-background-meta":{"desktop":{"background-color":"","background-image":"","background-repeat":"repeat","background-position":"center center","background-size":"auto","background-attachment":"scroll","background-type":"","background-media":"","overlay-type":"","overlay-color":"","overlay-gradient":""},"tablet":{"background-color":"","background-image":"","background-repeat":"repeat","background-position":"center center","background-size":"auto","background-attachment":"scroll","background-type":"","background-media":"","overlay-type":"","overlay-color":"","overlay-gradient":""},"mobile":{"background-color":"","background-image":"","background-repeat":"repeat","background-position":"center center","background-size":"auto","background-attachment":"scroll","background-type":"","background-media":"","overlay-type":"","overlay-color":"","overlay-gradient":""}},"ast-content-background-meta":{"desktop":{"background-color":"var(--ast-global-color-5)","background-image":"","background-repeat":"repeat","background-position":"center center","background-size":"auto","background-attachment":"scroll","background-type":"","background-media":"","overlay-type":"","overlay-color":"","overlay-gradient":""},"tablet":{"background-color":"var(--ast-global-color-5)","background-image":"","background-repeat":"repeat","background-position":"center center","background-size":"auto","background-attachment":"scroll","background-type":"","background-media":"","overlay-type":"","overlay-color":"","overlay-gradient":""},"mobile":{"background-color":"var(--ast-global-color-5)","background-image":"","background-repeat":"repeat","background-position":"center center","background-size":"auto","background-attachment":"scroll","background-type":"","background-media":"","overlay-type":"","overlay-color":"","overlay-gradient":""}},"footnotes":""},"uagb_featured_image_src":{"full":false,"thumbnail":false,"medium":false,"medium_large":false,"large":false,"xl":false,"xxl":false,"xxxl":false,"xxxxl":false,"xxxxxl":false,"1536x1536":false,"2048x2048":false},"uagb_author_info":{"display_name":"fesomiadmin","author_link":"https:\/\/www.brusicatering.com\/en\/author\/fesomiadmin\/"},"uagb_comment_info":0,"uagb_excerpt":"About the use of cookies on this website Cookies are pieces of code sent by the websites you visit. These cookies are stored on your device in small files that websites can consult later. Depending on their functionality, cookies can be classified as follows: Preference Cookies. They are used, for example, to remember the language&hellip;","_links":{"self":[{"href":"https:\/\/www.brusicatering.com\/en\/wp-json\/wp\/v2\/pages\/1658"}],"collection":[{"href":"https:\/\/www.brusicatering.com\/en\/wp-json\/wp\/v2\/pages"}],"about":[{"href":"https:\/\/www.brusicatering.com\/en\/wp-json\/wp\/v2\/types\/page"}],"author":[{"embeddable":true,"href":"https:\/\/www.brusicatering.com\/en\/wp-json\/wp\/v2\/users\/1"}],"replies":[{"embeddable":true,"href":"https:\/\/www.brusicatering.com\/en\/wp-json\/wp\/v2\/comments?post=1658"}],"version-history":[{"count":2,"href":"https:\/\/www.brusicatering.com\/en\/wp-json\/wp\/v2\/pages\/1658\/revisions"}],"predecessor-version":[{"id":1765,"href":"https:\/\/www.brusicatering.com\/en\/wp-json\/wp\/v2\/pages\/1658\/revisions\/1765"}],"wp:attachment":[{"href":"https:\/\/www.brusicatering.com\/en\/wp-json\/wp\/v2\/media?parent=1658"}],"curies":[{"name":"wp","href":"https:\/\/api.w.org\/{rel}","templated":true}]}}